{"id":9,"date":"2026-02-04T20:46:31","date_gmt":"2026-02-04T20:46:31","guid":{"rendered":"https:\/\/gartner.gawistik.dev\/?page_id=9"},"modified":"2026-03-17T09:09:55","modified_gmt":"2026-03-17T09:09:55","slug":"forside","status":"publish","type":"page","link":"https:\/\/gartner.gawistik.dev\/","title":{"rendered":"3xHS Service | Professionel Havepleje, Bel\u00e6gning &#038; Tr\u00e6f\u00e6ldning"},"content":{"rendered":"","protected":false},"excerpt":{"rendered":"","protected":false},"author":1,"featured_media":0,"parent":0,"menu_order":0,"comment_status":"closed","ping_status":"closed","template":"","meta":{"footnotes":""},"class_list":["post-9","page","type-page","status-publish","hentry"],"_links":{"self":[{"href":"https:\/\/gartner.gawistik.dev\/index.php?rest_route=\/wp\/v2\/pages\/9","targetHints":{"allow":["GET"]}}],"collection":[{"href":"https:\/\/gartner.gawistik.dev\/index.php?rest_route=\/wp\/v2\/pages"}],"about":[{"href":"https:\/\/gartner.gawistik.dev\/index.php?rest_route=\/wp\/v2\/types\/page"}],"author":[{"embeddable":true,"href":"https:\/\/gartner.gawistik.dev\/index.php?rest_route=\/wp\/v2\/users\/1"}],"replies":[{"embeddable":true,"href":"https:\/\/gartner.gawistik.dev\/index.php?rest_route=%2Fwp%2Fv2%2Fcomments&post=9"}],"version-history":[{"count":100,"href":"https:\/\/gartner.gawistik.dev\/index.php?rest_route=\/wp\/v2\/pages\/9\/revisions"}],"predecessor-version":[{"id":488,"href":"https:\/\/gartner.gawistik.dev\/index.php?rest_route=\/wp\/v2\/pages\/9\/revisions\/488"}],"wp:attachment":[{"href":"https:\/\/gartner.gawistik.dev\/index.php?rest_route=%2Fwp%2Fv2%2Fmedia&parent=9"}],"curies":[{"name":"wp","href":"https:\/\/api.w.org\/{rel}","templated":true}]}}